{"id":2939,"date":"2025-12-04T13:48:48","date_gmt":"2025-12-04T12:48:48","guid":{"rendered":"https:\/\/nordiskenergi.no\/?post_type=product&#038;p=2939"},"modified":"2025-12-04T13:50:26","modified_gmt":"2025-12-04T12:50:26","slug":"samsung-nordic-airise-s2-2-5-3-5kw","status":"publish","type":"product","link":"https:\/\/nordiskenergi.no\/en\/product\/samsung-nordic-airise-s2-2-5-3-5kw\/","title":{"rendered":"Samsung Nordic Airise S2 &#8211; 2.5\/3.5kW"},"content":{"rendered":"<p style=\"text-align: center;\" data-start=\"232\" data-end=\"506\"><strong>ECO-tilstand<\/strong><br data-start=\"273\" data-end=\"276\" \/>Spar energi, men bevar komforten. ECO-tilstand bruger mindre kompressorkapacitet sammenlignet med Normal-tilstand, hvilket reducerer energiforbruget. Det giver dig mulighed for effektivt at k\u00f8le eller opvarme dit hjem i en energibesparende tilstand.<\/p>\n<div style=\"text-align: center;\">\n<hr data-start=\"2425\" data-end=\"2428\" \/>\n<\/div>\n<p style=\"text-align: center;\" data-start=\"508\" data-end=\"722\"><strong>Lavt st\u00f8yniv\u00e5<\/strong><br data-start=\"532\" data-end=\"535\" \/><strong>Nordic WindFree Geo S2<\/strong> hj\u00e6lper dig med at opretholde en behagelig temperatur i hjemmet \u2013 og g\u00f8r det samtidig meget stille. Den har et minimums st\u00f8jniveau p\u00e5 kun 17\u202fdB(A) og et st\u00f8jniveau p\u00e5 38\u202fdB(A) ved h\u00f8jeste bl\u00e6serhastighed p\u00e5 st\u00f8rrelse 09 for indedelen.<\/p>\n<hr data-start=\"2425\" data-end=\"2428\" \/>\n<p style=\"text-align: center;\" data-start=\"1001\" data-end=\"1182\"><strong>AI Auto Comfort<\/strong><br data-start=\"1039\" data-end=\"1042\" \/><strong>AI Auto Comfort<\/strong> introduserer en intelligent m\u00e5de at leve p\u00e5. For at g\u00f8re livet enklere og mere effektivt analyseres milj\u00f8et i rummet og brugerens adf\u00e6rd. Baseret p\u00e5 denne adf\u00e6rd og udetemperaturen justeres temperaturen automatisk for at tilpasse indeklimaet \u2013 og opretholder komforten p\u00e5 alle tidspunkter<\/p>","protected":false},"excerpt":{"rendered":"<ul>\n<li><span class=\"fontstyle0\">3 \u00e5rs offisiell produsentgaranti.<\/span><\/li>\n<li><span class=\"fontstyle0\">Oppvarming mulig ned til -30\u202f\u00b0C utetemperatur.<\/span><\/li>\n<li><span class=\"fontstyle0\">Frostsikringsfunksjon for opprekholdelse av 8\u202f\u00b0C<\/span><\/li>\n<li><span class=\"fontstyle0\">Automatisk styring av luostr\u00f8m vertikalt.<\/span><\/li>\n<li><span class=\"fontstyle0\">Antikorrosjonsbelegg, beskykelse av kompressor og kontrollkort.<\/span><\/li>\n<li><span class=\"fontstyle0\">Wi-Fi-pernstyring.<\/span><\/li>\n<li><span class=\"fontstyle0\">Automatisk selvrensingsfunksjon.<\/span><\/li>\n<li><span class=\"fontstyle0\">Timerfunksjon, s\u00f8vnmodus.<\/span><\/li>\n<\/ul>","protected":false},"featured_media":2940,"template":"","meta":{"inline_featured_image":false},"product_brand":[],"product_cat":[59,58],"product_tag":[],"berocket_brand":[74],"class_list":{"0":"post-2939","1":"product","2":"type-product","3":"status-publish","4":"has-post-thumbnail","6":"product_cat-luft-til-luft-varmepumper","7":"product_cat-varmepumper","8":"berocket_brand-samsung","10":"first","11":"instock","12":"shipping-taxable","13":"product-type-simple"},"_links":{"self":[{"href":"https:\/\/nordiskenergi.no\/en\/wp-json\/wp\/v2\/product\/2939","targetHints":{"allow":["GET"]}}],"collection":[{"href":"https:\/\/nordiskenergi.no\/en\/wp-json\/wp\/v2\/product"}],"about":[{"href":"https:\/\/nordiskenergi.no\/en\/wp-json\/wp\/v2\/types\/product"}],"wp:featuredmedia":[{"embeddable":true,"href":"https:\/\/nordiskenergi.no\/en\/wp-json\/wp\/v2\/media\/2940"}],"wp:attachment":[{"href":"https:\/\/nordiskenergi.no\/en\/wp-json\/wp\/v2\/media?parent=2939"}],"wp:term":[{"taxonomy":"product_brand","embeddable":true,"href":"https:\/\/nordiskenergi.no\/en\/wp-json\/wp\/v2\/product_brand?post=2939"},{"taxonomy":"product_cat","embeddable":true,"href":"https:\/\/nordiskenergi.no\/en\/wp-json\/wp\/v2\/product_cat?post=2939"},{"taxonomy":"product_tag","embeddable":true,"href":"https:\/\/nordiskenergi.no\/en\/wp-json\/wp\/v2\/product_tag?post=2939"},{"taxonomy":"berocket_brand","embeddable":true,"href":"https:\/\/nordiskenergi.no\/en\/wp-json\/wp\/v2\/berocket_brand?post=2939"}],"curies":[{"name":"wp","href":"https:\/\/api.w.org\/{rel}","templated":true}]}}