{"id":2935,"date":"2025-12-04T13:29:07","date_gmt":"2025-12-04T12:29:07","guid":{"rendered":"https:\/\/nordiskenergi.no\/?post_type=product&#038;p=2935"},"modified":"2025-12-04T13:44:17","modified_gmt":"2025-12-04T12:44:17","slug":"samsung-nordic-windfree-geo-s2-2-5-3-5kw","status":"publish","type":"product","link":"https:\/\/nordiskenergi.no\/en\/product\/samsung-nordic-windfree-geo-s2-2-5-3-5kw\/","title":{"rendered":"Samsung Nordic WindFree\u2122 Geo S2 &#8211; 2.5\/3.5kW"},"content":{"rendered":"<p style=\"text-align: center;\" data-start=\"232\" data-end=\"506\"><strong>Bevegelsessensor<\/strong><br data-start=\"273\" data-end=\"276\" \/>Bev\u00e6gelsessensoren reducerer energiforbruget ved k\u00f8ling eller opvarmning ved automatisk at regulere varmepumpens aktivitet. Hvis der ikke registreres bev\u00e6gelse i rummet i 20 minutter, skifter den automatisk til energisparetilstand og vender tilbage til normal tilstand, s\u00e5 snart der registreres aktivitet igen. Sensoren giver ogs\u00e5 mulighed for automatisk tilpasning af luftstr\u00f8mmens retning.<\/p>\n<div style=\"text-align: center;\">\n<hr data-start=\"2425\" data-end=\"2428\" \/>\n<\/div>\n<p style=\"text-align: center;\" data-start=\"508\" data-end=\"722\"><strong>Lavt st\u00f8yniv\u00e5<\/strong><br data-start=\"532\" data-end=\"535\" \/><strong>Nordic WindFree Geo S2<\/strong> hj\u00e6lper dig med at opretholde en behagelig temperatur i hjemmet \u2013 og g\u00f8r det samtidig meget stille. Den har et minimums st\u00f8jniveau p\u00e5 kun 17\u202fdB(A) og et st\u00f8jniveau p\u00e5 38\u202fdB(A) ved h\u00f8jeste bl\u00e6serhastighed p\u00e5 st\u00f8rrelse 09 for indedelen.<\/p>\n<hr data-start=\"2425\" data-end=\"2428\" \/>\n<p style=\"text-align: center;\" data-start=\"1001\" data-end=\"1182\"><strong>AI Auto Comfort<\/strong><br data-start=\"1039\" data-end=\"1042\" \/><strong>AI Auto Comfort<\/strong> introduserer en intelligent m\u00e5de at leve p\u00e5. For at g\u00f8re livet enklere og mere effektivt analyseres milj\u00f8et i rummet og brugerens adf\u00e6rd. Baseret p\u00e5 denne adf\u00e6rd og udetemperaturen justeres temperaturen automatisk for at tilpasse indeklimaet \u2013 og opretholder komforten p\u00e5 alle tidspunkter<\/p>","protected":false},"excerpt":{"rendered":"<ul>\n<li>\u00a0<span class=\"fontstyle0\">3 \u00e5rs offisiell produsentgaranti.<\/span><\/li>\n<li><span class=\"fontstyle0\">Oppvarming mulig ned til -30\u202f\u00b0C utetemperatur.<\/span><\/li>\n<li><span class=\"fontstyle0\">Frostsikringsfunksjon for opprekholdelse av 8\u202f\u00b0C<\/span><\/li>\n<li><span class=\"fontstyle0\">WindFree-kj\u00f8ling.<\/span><\/li>\n<li><span class=\"fontstyle0\">Tri-Care-filtrering.<\/span><\/li>\n<li><span class=\"fontstyle0\">Bevegelsessensor.<\/span><\/li>\n<li><span class=\"fontstyle0\">Automatisk styring av luostr\u00f8m vertikalt\/horizontalt.<\/span><\/li>\n<li><span class=\"fontstyle0\">Antikorrosjonsbelegg, beskykelse av kompressor og kontrollkort.<\/span><\/li>\n<li><span class=\"fontstyle0\">Wi-Fi-pernstyring.<\/span><\/li>\n<li><span class=\"fontstyle0\">Automatisk selvrensingsfunksjon.<\/span><\/li>\n<li><span class=\"fontstyle0\">Timerfunksjon, s\u00f8vnmodus.<\/span><\/li>\n<\/ul>","protected":false},"featured_media":2938,"template":"","meta":{"inline_featured_image":false},"product_brand":[],"product_cat":[59,58],"product_tag":[],"berocket_brand":[74],"class_list":{"0":"post-2935","1":"product","2":"type-product","3":"status-publish","4":"has-post-thumbnail","6":"product_cat-luft-til-luft-varmepumper","7":"product_cat-varmepumper","8":"berocket_brand-samsung","10":"first","11":"instock","12":"shipping-taxable","13":"product-type-simple"},"_links":{"self":[{"href":"https:\/\/nordiskenergi.no\/en\/wp-json\/wp\/v2\/product\/2935","targetHints":{"allow":["GET"]}}],"collection":[{"href":"https:\/\/nordiskenergi.no\/en\/wp-json\/wp\/v2\/product"}],"about":[{"href":"https:\/\/nordiskenergi.no\/en\/wp-json\/wp\/v2\/types\/product"}],"wp:featuredmedia":[{"embeddable":true,"href":"https:\/\/nordiskenergi.no\/en\/wp-json\/wp\/v2\/media\/2938"}],"wp:attachment":[{"href":"https:\/\/nordiskenergi.no\/en\/wp-json\/wp\/v2\/media?parent=2935"}],"wp:term":[{"taxonomy":"product_brand","embeddable":true,"href":"https:\/\/nordiskenergi.no\/en\/wp-json\/wp\/v2\/product_brand?post=2935"},{"taxonomy":"product_cat","embeddable":true,"href":"https:\/\/nordiskenergi.no\/en\/wp-json\/wp\/v2\/product_cat?post=2935"},{"taxonomy":"product_tag","embeddable":true,"href":"https:\/\/nordiskenergi.no\/en\/wp-json\/wp\/v2\/product_tag?post=2935"},{"taxonomy":"berocket_brand","embeddable":true,"href":"https:\/\/nordiskenergi.no\/en\/wp-json\/wp\/v2\/berocket_brand?post=2935"}],"curies":[{"name":"wp","href":"https:\/\/api.w.org\/{rel}","templated":true}]}}