{"id":2883,"date":"2025-08-08T09:11:22","date_gmt":"2025-08-08T07:11:22","guid":{"rendered":"https:\/\/nordiskenergi.no\/?post_type=product&#038;p=2883"},"modified":"2025-08-08T09:11:22","modified_gmt":"2025-08-08T07:11:22","slug":"samsung-nordic-essential-airise-2-5-3-2-kw","status":"publish","type":"product","link":"https:\/\/nordiskenergi.no\/en\/product\/samsung-nordic-essential-airise-2-5-3-2-kw\/","title":{"rendered":"Samsung Nordic Essential &#8211; Airise 2.5\/3.2 kW"},"content":{"rendered":"<h2 style=\"text-align: center;\" data-start=\"166\" data-end=\"230\"><strong data-start=\"169\" data-end=\"228\">Samsung Nordic Essential \u2013 p\u00e5litelig komfort \u00e5ret rundt<\/strong><\/h2>\n<p style=\"text-align: center;\" data-start=\"232\" data-end=\"506\"><strong data-start=\"232\" data-end=\"273\">Effektiv selv i den kaldeste vinteren<\/strong><br data-start=\"273\" data-end=\"276\" \/>Samsung Nordic Essential er utviklet spesielt for Nordens kalde klima, og leverer stabil oppvarming helt ned til <strong data-start=\"389\" data-end=\"399\">\u221230 \u00b0C<\/strong>. Utend\u00f8rsdelen er utstyrt med innebygd bunnvarmer som sikrer p\u00e5litelig drift selv under iskalde forhold.<\/p>\n<div>\n<hr data-start=\"2425\" data-end=\"2428\" \/>\n<\/div>\n<p style=\"text-align: center;\" data-start=\"508\" data-end=\"722\"><strong data-start=\"508\" data-end=\"532\">Smart komfort med AI<\/strong><br data-start=\"532\" data-end=\"535\" \/>Med <strong data-start=\"539\" data-end=\"558\">AI Auto Comfort<\/strong> analyserer varmepumpen romforhold og bruksm\u00f8nstre, og velger automatisk det mest passende driftsmodus \u2013 basert p\u00e5 \u00f8nsket innetemperatur og faktisk utetemperatur.<\/p>\n<hr data-start=\"2425\" data-end=\"2428\" \/>\n<p style=\"text-align: center;\" data-start=\"1001\" data-end=\"1182\"><strong data-start=\"1001\" data-end=\"1039\">Enkel styring \u2013 uansett hvor du er<\/strong><br data-start=\"1039\" data-end=\"1042\" \/>Innebygd <strong data-start=\"1051\" data-end=\"1060\">Wi-Fi<\/strong> og st\u00f8tte for <strong data-start=\"1075\" data-end=\"1090\">SmartThings<\/strong>-appen gj\u00f8r det enkelt \u00e5 overv\u00e5ke og justere innstillingene, uansett hvor du befinner deg.<\/p>\n<hr data-start=\"2425\" data-end=\"2428\" \/>\n<p style=\"text-align: center;\" data-start=\"1184\" data-end=\"1388\"><strong data-start=\"1184\" data-end=\"1217\">Ren luft og enkel vedlikehold<\/strong><br data-start=\"1217\" data-end=\"1220\" \/><strong data-start=\"1220\" data-end=\"1240\">Easy Filter Plus<\/strong> er plassert slik at det er enkelt \u00e5 ta ut og rengj\u00f8re. Det tette filteret med antibakterielt belegg bidrar til renere luft og bedre effektivitet.<\/p>\n<hr data-start=\"2425\" data-end=\"2428\" \/>\n<p style=\"text-align: center;\" data-start=\"1390\" data-end=\"1563\"><strong data-start=\"1390\" data-end=\"1432\">Lang levetid med korrosjonsbeskyttelse<\/strong><br data-start=\"1432\" data-end=\"1435\" \/><strong data-start=\"1435\" data-end=\"1448\">Ocean Fin<\/strong>-belegget beskytter mot rust og opprettholder varmevekslerens ytelse \u2013 testet i hele <strong data-start=\"1533\" data-end=\"1546\">480 timer<\/strong> med saltspray.<\/p>\n<hr data-start=\"2425\" data-end=\"2428\" \/>\n<p style=\"text-align: center;\" data-start=\"1565\" data-end=\"1736\"><strong data-start=\"1565\" data-end=\"1596\">Energisparing med ECO-modus<\/strong><br data-start=\"1596\" data-end=\"1599\" \/>Aktiver <strong data-start=\"1607\" data-end=\"1620\">ECO-modus<\/strong> for \u00e5 redusere kompressoreffekten \u2013 et smart valg for \u00e5 holde komforten samtidig som du reduserer str\u00f8mforbruket.<\/p>","protected":false},"excerpt":{"rendered":"<ul>\n<li>3 \u00e5rs offisiell produsentgaranti<\/li>\n<li>Oppvarming mulig ned til \u221230\u202f\u00b0C utetemperatur<\/li>\n<li>Frostsikringsfunksjon for opprettholdelse av 8\u202f\u00b0C<\/li>\n<li>Automatisk styring av luftstr\u00f8m vertikalt<\/li>\n<li>Antikorrosjonsbelegg, beskyttelse av kompressor og kontrollkort<\/li>\n<li>Wi Fi fjernstyring<\/li>\n<li>Automatisk selvrensingsfunksjon<\/li>\n<li>Timerfunksjon, s\u00f8vnmodus<\/li>\n<\/ul>","protected":false},"featured_media":2879,"template":"","meta":{"inline_featured_image":false},"product_brand":[],"product_cat":[59,58],"product_tag":[],"berocket_brand":[74],"class_list":{"0":"post-2883","1":"product","2":"type-product","3":"status-publish","4":"has-post-thumbnail","6":"product_cat-luft-til-luft-varmepumper","7":"product_cat-varmepumper","8":"berocket_brand-samsung","10":"first","11":"instock","12":"shipping-taxable","13":"product-type-simple"},"_links":{"self":[{"href":"https:\/\/nordiskenergi.no\/en\/wp-json\/wp\/v2\/product\/2883","targetHints":{"allow":["GET"]}}],"collection":[{"href":"https:\/\/nordiskenergi.no\/en\/wp-json\/wp\/v2\/product"}],"about":[{"href":"https:\/\/nordiskenergi.no\/en\/wp-json\/wp\/v2\/types\/product"}],"wp:featuredmedia":[{"embeddable":true,"href":"https:\/\/nordiskenergi.no\/en\/wp-json\/wp\/v2\/media\/2879"}],"wp:attachment":[{"href":"https:\/\/nordiskenergi.no\/en\/wp-json\/wp\/v2\/media?parent=2883"}],"wp:term":[{"taxonomy":"product_brand","embeddable":true,"href":"https:\/\/nordiskenergi.no\/en\/wp-json\/wp\/v2\/product_brand?post=2883"},{"taxonomy":"product_cat","embeddable":true,"href":"https:\/\/nordiskenergi.no\/en\/wp-json\/wp\/v2\/product_cat?post=2883"},{"taxonomy":"product_tag","embeddable":true,"href":"https:\/\/nordiskenergi.no\/en\/wp-json\/wp\/v2\/product_tag?post=2883"},{"taxonomy":"berocket_brand","embeddable":true,"href":"https:\/\/nordiskenergi.no\/en\/wp-json\/wp\/v2\/berocket_brand?post=2883"}],"curies":[{"name":"wp","href":"https:\/\/api.w.org\/{rel}","templated":true}]}}