{"id":2882,"date":"2025-08-08T08:04:17","date_gmt":"2025-08-08T06:04:17","guid":{"rendered":"https:\/\/nordiskenergi.no\/?post_type=product&#038;p=2882"},"modified":"2025-08-08T08:53:11","modified_gmt":"2025-08-08T06:53:11","slug":"samsung-nordic-dlx-3-5-4-0-kw","status":"publish","type":"product","link":"https:\/\/nordiskenergi.no\/en\/product\/samsung-nordic-dlx-3-5-4-0-kw\/","title":{"rendered":"Samsung Nordic DLX- Geo 3.5\/4.0 kW"},"content":{"rendered":"<div>\n<p style=\"text-align: center;\"><strong>Samsung Nordic DLX \u2013 en effektiv l\u00f8sning for alle \u00e5rstider<\/strong><\/p>\n<\/div>\n<div>\n<p style=\"text-align: center;\" data-start=\"113\" data-end=\"475\">Samsung Nordic DLX er en h\u00f8ykvalitets luft-til-luft varmepumpe, utviklet spesielt for behovene i nordlige regioner, med energieffektive egenskaper og p\u00e5litelig drift selv under kalde forhold. Den har effektive kj\u00f8le- og varmemoduser, og kan derfor brukes hele \u00e5ret. DLX-modellen kan ogs\u00e5 styres eksternt via Wi-Fi, og filteret s\u00f8rger for ren og frisk inneluft.<\/p>\n<div>\n<hr data-start=\"2425\" data-end=\"2428\" \/>\n<p style=\"text-align: center;\" data-start=\"42\" data-end=\"107\"><strong data-start=\"42\" data-end=\"105\">Enheten fungerer effektivt selv p\u00e5 den kaldeste vinterdagen<\/strong><\/p>\n<p style=\"text-align: center;\" data-start=\"109\" data-end=\"399\">Samsung Nordic DLX luft-til-luft varmepumpe hjelper deg \u00e5 oppn\u00e5 en behagelig varm temperatur i hjemmet ditt, selv n\u00e5r utetemperaturen er sv\u00e6rt lav (effektiv oppvarming ned til -30 \u00b0C). For \u00e5 sikre optimal ytelse ved lave temperaturer, er utend\u00f8rsenheten alltid utstyrt med en grunnvarmer.<\/p>\n<hr data-start=\"2425\" data-end=\"2428\" \/>\n<p style=\"text-align: center;\" data-start=\"87\" data-end=\"116\"><strong data-start=\"87\" data-end=\"114\">Opplev et smartere hjem<\/strong><\/p>\n<p style=\"text-align: center;\" data-start=\"118\" data-end=\"429\">Med <em data-start=\"122\" data-end=\"139\">AI Auto Comfort<\/em> f\u00e5r du alltid perfekt inneklima \u2013 helt automatisk. Systemet analyserer kontinuerlig romforholdene, dine bruksvaner og utetemperaturen, og tilpasser driften for \u00e5 gi deg optimal komfort med lavest mulig energiforbruk. Du slipper \u00e5 tenke p\u00e5 innstillingene \u2013 Nordic DLX gj\u00f8r jobben for deg.<\/p>\n<hr data-start=\"2425\" data-end=\"2428\" \/>\n<p style=\"text-align: center;\" data-start=\"79\" data-end=\"129\"><strong data-start=\"79\" data-end=\"127\">Beskyttet mot korrosjon for langvarig ytelse<\/strong><\/p>\n<p style=\"text-align: center;\" data-start=\"131\" data-end=\"396\">Bevar den behagelige kj\u00f8lingen lenger. <em data-start=\"170\" data-end=\"181\">Ocean Fin<\/em> er laget av et korrosjonsbestandig materiale som beskytter mot rust og bidrar til \u00e5 opprettholde optimal ytelse i varmeveksleren. Den imponerende rustmotstanden er dokumentert gjennom en 480-timers saltspraytest.<\/p>\n<\/div>\n<\/div>","protected":false},"excerpt":{"rendered":"<ul>\n<li>3 \u00e5rs offisiell produsentgaranti<\/li>\n<li>Oppvarming mulig ned til \u221230\u202f\u00b0C utetemperatur<\/li>\n<li>Frostsikringsfunksjon for opprettholdelse av 8\u202f\u00b0C<\/li>\n<li>Automatisk styring av luftstr\u00f8m vertikalt\/horizontalt<\/li>\n<li>Antikorrosjonsbelegg, beskyttelse av kompressor og kontrollkort<\/li>\n<li>Wi Fi fjernstyring<\/li>\n<li>Automatisk selvrensingsfunksjon<\/li>\n<li>Timerfunksjon, s\u00f8vnmodus<\/li>\n<\/ul>","protected":false},"featured_media":2879,"template":"","meta":{"inline_featured_image":false},"product_brand":[],"product_cat":[59,58],"product_tag":[110],"berocket_brand":[74],"class_list":{"0":"post-2882","1":"product","2":"type-product","3":"status-publish","4":"has-post-thumbnail","6":"product_cat-luft-til-luft-varmepumper","7":"product_cat-varmepumper","8":"product_tag-pa-lager","9":"berocket_brand-samsung","11":"first","12":"instock","13":"shipping-taxable","14":"product-type-simple"},"_links":{"self":[{"href":"https:\/\/nordiskenergi.no\/en\/wp-json\/wp\/v2\/product\/2882","targetHints":{"allow":["GET"]}}],"collection":[{"href":"https:\/\/nordiskenergi.no\/en\/wp-json\/wp\/v2\/product"}],"about":[{"href":"https:\/\/nordiskenergi.no\/en\/wp-json\/wp\/v2\/types\/product"}],"wp:featuredmedia":[{"embeddable":true,"href":"https:\/\/nordiskenergi.no\/en\/wp-json\/wp\/v2\/media\/2879"}],"wp:attachment":[{"href":"https:\/\/nordiskenergi.no\/en\/wp-json\/wp\/v2\/media?parent=2882"}],"wp:term":[{"taxonomy":"product_brand","embeddable":true,"href":"https:\/\/nordiskenergi.no\/en\/wp-json\/wp\/v2\/product_brand?post=2882"},{"taxonomy":"product_cat","embeddable":true,"href":"https:\/\/nordiskenergi.no\/en\/wp-json\/wp\/v2\/product_cat?post=2882"},{"taxonomy":"product_tag","embeddable":true,"href":"https:\/\/nordiskenergi.no\/en\/wp-json\/wp\/v2\/product_tag?post=2882"},{"taxonomy":"berocket_brand","embeddable":true,"href":"https:\/\/nordiskenergi.no\/en\/wp-json\/wp\/v2\/berocket_brand?post=2882"}],"curies":[{"name":"wp","href":"https:\/\/api.w.org\/{rel}","templated":true}]}}