{"id":2878,"date":"2025-08-07T17:26:17","date_gmt":"2025-08-07T15:26:17","guid":{"rendered":"https:\/\/nordiskenergi.no\/?post_type=product&#038;p=2878"},"modified":"2025-08-08T08:53:33","modified_gmt":"2025-08-08T06:53:33","slug":"samsung-nordic-windfree-geo-2-5-3-2-kw","status":"publish","type":"product","link":"https:\/\/nordiskenergi.no\/en\/product\/samsung-nordic-windfree-geo-2-5-3-2-kw\/","title":{"rendered":"Samsung Nordic WindFree\u2122 Geo 2.5\/3.2 kW"},"content":{"rendered":"<h3 style=\"text-align: center;\" data-start=\"166\" data-end=\"194\"><strong data-start=\"170\" data-end=\"194\">Nordic WindFree\u2122 Geo<\/strong><\/h3>\n<p style=\"text-align: center;\" data-start=\"196\" data-end=\"527\">Med Nordic WindFree\u2122 Geo kan du nyte optimal kj\u00f8ling uten kalde trekk om sommeren, og samtidig varm og behagelig innetemperatur om vinteren med varmepumpefunksjonen. Ved hjelp av smarte styringssystemer som tilpasser seg dine personlige behov, skapes et komfortabelt inneklima automatisk med optimale innstillinger.<\/p>\n<hr data-start=\"529\" data-end=\"532\" \/>\n<h3 style=\"text-align: center;\" data-start=\"534\" data-end=\"567\"><strong data-start=\"538\" data-end=\"567\">Oppvarming ned til \u201330\u202f\u00b0C<\/strong><\/h3>\n<p style=\"text-align: center;\" data-start=\"569\" data-end=\"789\">Nordic WindFree\u2122 Geo luft-til-luft-varmepumpe s\u00f8rger for behagelig varme innend\u00f8rs, selv ved sv\u00e6rt lave utetemperaturer. For \u00e5 sikre optimal ytelse i kulde, er utedelen alltid utstyrt med en innebygd grunnvarmer.<\/p>\n<hr data-start=\"791\" data-end=\"794\" \/>\n<h3 style=\"text-align: center;\" data-start=\"796\" data-end=\"819\"><strong data-start=\"800\" data-end=\"819\">Tri\u2011Care-filter<\/strong><\/h3>\n<p style=\"text-align: center;\" data-start=\"821\" data-end=\"1165\">Tri\u2011Care-filteret\u00b9 renser luften og bidrar til \u00e5 opprettholde varmevekslerens ytelse. Filteret best\u00e5r av tre lag: et h\u00f8ytetthetsfilter som fanger opp store partikler som st\u00f8v, h\u00e5r og fibre, samt et filter med Zeolite-belegg som bidrar til \u00e5 holde tilbake fine partikler og reduserer visse typer bakterier og allergener i luften.<\/p>\n<hr data-start=\"1167\" data-end=\"1170\" \/>\n<h3 style=\"text-align: center;\" data-start=\"1172\" data-end=\"1202\"><strong data-start=\"1176\" data-end=\"1202\">Bevegelsessensor (MDS)<\/strong><\/h3>\n<p style=\"text-align: center;\" data-start=\"1204\" data-end=\"1771\">Bevegelsessensoren (Motion Detect Sensor, MDS) forbedrer kj\u00f8le- og varmeeffektiviteten ved \u00e5 justere driften n\u00e5r ingen personer er til stede. Hvis det ikke registreres bevegelse i 20 minutter\u00b9, aktiveres WindFree\u2122 energisparemodus. Etter 40 minutter \u00f8kes temperaturen i WindFree-modus med 2\u202f\u00b0C, og etter ytterligere 40 minutter g\u00e5r enheten over i ventemodus (mild avslutning). N\u00e5r bevegelse oppdages igjen, g\u00e5r systemet tilbake til normal drift. MDS gj\u00f8r det ogs\u00e5 mulig \u00e5 justere luftstr\u00f8mmens retning i henhold til \u00f8nsket komfortniv\u00e5.<\/p>\n<hr data-start=\"1773\" data-end=\"1776\" \/>\n<h3 style=\"text-align: center;\" data-start=\"1778\" data-end=\"1801\"><strong data-start=\"1782\" data-end=\"1801\">AI Auto Comfort<\/strong><\/h3>\n<p style=\"text-align: center;\" data-start=\"1803\" data-end=\"2092\">AI Auto Comfort gir deg en intelligent og mer effektiv hverdag. Systemet analyserer romforhold og bruksm\u00f8nstre, og tilpasser seg b\u00e5de dine preferanser og utetemperaturen. Temperaturinnstillingene justeres automatisk for \u00e5 optimalisere inneklimaet og sikre maksimal komfort.<\/p>\n<hr data-start=\"2094\" data-end=\"2097\" \/>\n<h3 style=\"text-align: center;\" data-start=\"2099\" data-end=\"2134\"><strong data-start=\"2103\" data-end=\"2134\">H\u00f8y ytelse i kompakt design<\/strong><\/h3>\n<p style=\"text-align: center;\" data-start=\"2136\" data-end=\"2423\">Samsung veggmonterte klimaanlegg har et forbedret design for bedre ytelse \u2013 med 15\u202f% st\u00f8rre vifte, 18\u202f% bredere luftinntak, og 31\u202f% bredere lameller. Dette gir raskere nedkj\u00f8ling og gj\u00f8r at den kalde luften kan bl\u00e5ses opptil 15 meter og n\u00e5 de fjerneste hj\u00f8rnene i rommet.<\/p>\n<hr data-start=\"2425\" data-end=\"2428\" \/>\n<h3 style=\"text-align: center;\" data-start=\"2430\" data-end=\"2451\"><strong data-start=\"2434\" data-end=\"2451\">Smart styring<\/strong><\/h3>\n<p style=\"text-align: center;\" data-start=\"2453\" data-end=\"2684\">Kontroller temperaturen i ethvert rom \u2013 n\u00e5r som helst og hvor som helst. Med SmartThings-appen kan du fjernstyre temperaturinnstillinger, planlegge drift, sl\u00e5 enheten av og p\u00e5, gruppere enheter, og overv\u00e5ke energiforbruk.<\/p>\n<p style=\"text-align: center;\" data-start=\"2686\" data-end=\"2915\">Takket v\u00e6re Wi-Fi-tilkobling kan du enkelt styre systemet med smarttelefonen. Enheten st\u00f8tter ogs\u00e5 geolokasjon, slik at temperaturen automatisk justeres n\u00e5r brukeren n\u00e6rmer seg hjemmet innenfor en forh\u00e5ndsdefinert radius.<\/p>\n<hr data-start=\"2917\" data-end=\"2920\" \/>\n<h3 style=\"text-align: center;\" data-start=\"2922\" data-end=\"2952\"><strong data-start=\"2926\" data-end=\"2952\">Enkel filterrengj\u00f8ring<\/strong><\/h3>\n<p style=\"text-align: center;\" data-start=\"2954\" data-end=\"3281\">I motsetning til mange standardenheter, er filtrene i Samsungs innend\u00f8rsenheter plassert lett tilgjengelig, slik at de kan tas ut og rengj\u00f8res uten \u00e5 \u00e5pne hele frontpanelet. Det tette filterstoffet holder varmeveksleren ren og effektiv, mens et spesialbelegg p\u00e5 filtrene gir ekstra beskyttelse mot luftforurensning.<\/p>","protected":false},"excerpt":{"rendered":"<ul>\n<li style=\"font-weight: 400;\">3 \u00e5rs offisiell produsentgaranti<\/li>\n<li style=\"font-weight: 400;\">Oppvarming mulig ned til \u221230\u202f\u00b0C utetemperatur<\/li>\n<li style=\"font-weight: 400;\">Frostsikringsfunksjon for opprettholdelse av 8\u202f\u00b0C<\/li>\n<li style=\"font-weight: 400;\">WindFree kj\u00f8ling<\/li>\n<li style=\"font-weight: 400;\">Tri Care filtrering<\/li>\n<li style=\"font-weight: 400;\">Bevegelsessensor<\/li>\n<li style=\"font-weight: 400;\">Automatisk styring av luftstr\u00f8m vertikalt\/horizontalt<\/li>\n<li style=\"font-weight: 400;\">Antikorrosjonsbelegg, beskyttelse av kompressor og kontrollkort<\/li>\n<li style=\"font-weight: 400;\">Wi Fi fjernstyring<\/li>\n<li style=\"font-weight: 400;\">Automatisk selvrensingsfunksjon<\/li>\n<li style=\"font-weight: 400;\">Timerfunksjon, s\u00f8vnmodus<\/li>\n<\/ul>","protected":false},"featured_media":2879,"template":"","meta":{"inline_featured_image":false},"product_brand":[],"product_cat":[59,58],"product_tag":[110],"berocket_brand":[74],"class_list":{"0":"post-2878","1":"product","2":"type-product","3":"status-publish","4":"has-post-thumbnail","6":"product_cat-luft-til-luft-varmepumper","7":"product_cat-varmepumper","8":"product_tag-pa-lager","9":"berocket_brand-samsung","11":"first","12":"instock","13":"shipping-taxable","14":"product-type-simple"},"_links":{"self":[{"href":"https:\/\/nordiskenergi.no\/en\/wp-json\/wp\/v2\/product\/2878","targetHints":{"allow":["GET"]}}],"collection":[{"href":"https:\/\/nordiskenergi.no\/en\/wp-json\/wp\/v2\/product"}],"about":[{"href":"https:\/\/nordiskenergi.no\/en\/wp-json\/wp\/v2\/types\/product"}],"wp:featuredmedia":[{"embeddable":true,"href":"https:\/\/nordiskenergi.no\/en\/wp-json\/wp\/v2\/media\/2879"}],"wp:attachment":[{"href":"https:\/\/nordiskenergi.no\/en\/wp-json\/wp\/v2\/media?parent=2878"}],"wp:term":[{"taxonomy":"product_brand","embeddable":true,"href":"https:\/\/nordiskenergi.no\/en\/wp-json\/wp\/v2\/product_brand?post=2878"},{"taxonomy":"product_cat","embeddable":true,"href":"https:\/\/nordiskenergi.no\/en\/wp-json\/wp\/v2\/product_cat?post=2878"},{"taxonomy":"product_tag","embeddable":true,"href":"https:\/\/nordiskenergi.no\/en\/wp-json\/wp\/v2\/product_tag?post=2878"},{"taxonomy":"berocket_brand","embeddable":true,"href":"https:\/\/nordiskenergi.no\/en\/wp-json\/wp\/v2\/berocket_brand?post=2878"}],"curies":[{"name":"wp","href":"https:\/\/api.w.org\/{rel}","templated":true}]}}