{"id":2867,"date":"2025-08-07T14:56:49","date_gmt":"2025-08-07T12:56:49","guid":{"rendered":"https:\/\/nordiskenergi.no\/?post_type=product&#038;p=2867"},"modified":"2025-08-07T16:49:10","modified_gmt":"2025-08-07T14:49:10","slug":"samsung-ehs-mono-r290-no-pump-climatehub-ai-home-8kw-3%d1%84","status":"publish","type":"product","link":"https:\/\/nordiskenergi.no\/en\/product\/samsung-ehs-mono-r290-no-pump-climatehub-ai-home-8kw-3%d1%84\/","title":{"rendered":"Samsung EHS MONO R290 No Pump CLIMATEHUB AI HOME, 8kW, 3\u0424"},"content":{"rendered":"<p style=\"text-align: center;\" data-start=\"117\" data-end=\"158\"><strong data-start=\"117\" data-end=\"156\">Den nye innedelen av EHS ClimateHub<\/strong><\/p>\n<p style=\"text-align: center;\" data-start=\"160\" data-end=\"398\">Den nye integrerte tanken i EHS ClimateHub har universal tilkobling, og er egnet for b\u00e5de 1-fase og 3-fase str\u00f8mnett. Den integrerte elektriske varmeren kan operere med 2\u202fkW eller 4\u202fkW (1-fase) og opptil 6\u202fkW (3-fase).<\/p>\n<p style=\"text-align: center;\">Et magnetisk filter er forh\u00e5ndsinstallert som standard i enheten.<\/p>\n<p style=\"text-align: center;\">Den nye varmtvannstanken er designet for h\u00f8yere effektivitet: effektiviteten har \u00f8kt fra 115\u202f% til 148\u202f%, og det totale varmeoverf\u00f8ringsarealet er forbedret med 23\u202f%.<br data-start=\"807\" data-end=\"810\" \/>Trelags isolasjon (EPS, vakuumisoleringslag, EPP) reduserer varmetapet med opptil 56\u202f% sammenlignet med forrige modell.<\/p>\n<p style=\"text-align: center;\">Styringspanelet er ogs\u00e5 oppdatert: en ny 7-tommers skjerm gir intuitiv og brukervennlig betjening. Det integrerte AI Home-systemet benytter kunstig intelligens for \u00e5 optimalisere oppvarming og varmtvannsproduksjon basert p\u00e5 brukerens vaner, og bidrar dermed til energibesparelse.<\/p>\n<p style=\"text-align: center;\">R\u00f8rsystemet til hovedkomponentene er utstyrt med hurtigkoblinger, noe som gj\u00f8r utskifting rask og enkel.<\/p>\n<p style=\"text-align: center;\" data-start=\"137\" data-end=\"263\"><strong data-start=\"137\" data-end=\"261\">M\u00f8t Samsungs nyeste tilskudd i EHS-varmepumpeserien: EHS Mono R290 og EHS R290 Pump \u2013 en oppvarmingsl\u00f8sning for boliger.<\/strong><\/p>\n<p style=\"text-align: center;\" data-start=\"265\" data-end=\"465\">Tilgjengelig i et bredt utvalg av kapasiteter (5, 8, 12 og 16\u202fkW), benytter disse nye modellene R290 \u2013 et kj\u00f8lemedium med betydelig lavere GWP (kun 3) sammenlignet med andre kj\u00f8lemedier. EHS Mono R290 og EHS R290 Pump leverer jevnt varmtvann p\u00e5 opptil 75\u202f\u00b0C for boligoppvarming, noe som gj\u00f8r dem godt egnet som erstatning for eldre varmesystemer i eksisterende boliger. Systemet tilbyr p\u00e5litelig oppvarmingsytelse takket v\u00e6re et st\u00f8rre varmevekslerareal, som gj\u00f8r det mulig \u00e5 opprettholde 100\u202f% varmeeffekt selv ved \u221210\u202f\u00b0C.<\/p>\n<p style=\"text-align: center;\" data-start=\"70\" data-end=\"114\"><strong data-start=\"70\" data-end=\"112\">Varmtvannstemperaturer p\u00e5 opptil 75\u202f\u00b0C<\/strong><\/p>\n<p style=\"text-align: center;\" data-start=\"116\" data-end=\"415\">Mange eldre boliger i Europa benytter fortsatt radiatorer som krever varmtvannstemperaturer p\u00e5 65\u202f\u00b0C eller h\u00f8yere for \u00e5 varme opp rommene effektivt. De nye EHS Mono R290 og EHS Mono R290 Pump kan levere varmtvann p\u00e5 opptil 75\u202f\u00b0C for boligoppvarming p\u00e5 en stabil og p\u00e5litelig m\u00e5te. Dette gj\u00f8r dem til et godt alternativ som erstatning for eldre varmesystemer i boliger som tidligere var avhengige av gasskjeler for oppvarming.<\/p>\n<p style=\"text-align: center;\" data-start=\"70\" data-end=\"122\"><strong data-start=\"70\" data-end=\"120\">V\u00e5r h\u00f8ytemperatur-varmepumpe med lavt st\u00f8yniv\u00e5<\/strong><\/p>\n<p style=\"text-align: center;\" data-start=\"124\" data-end=\"342\">Drevet av en kombinasjon av innovative st\u00f8ydempende teknologier, opererer EHS Mono R290 og EHS Mono R290 Pump sv\u00e6rt stilleg\u00e5ende, med et lydniv\u00e5 ned mot 35 d(BA)\u00a0ved bruk av 4-trinns stillemodus. Utend\u00f8rsenheten er utstyrt med et dobbelt lag lydisolasjon, inkludert et patentert Groove Grid Felt-design, som effektivt blokkerer og absorberer st\u00f8y fra kompressorkomponentene og vibrasjoner.<\/p>\n<p style=\"text-align: center;\" data-start=\"70\" data-end=\"92\"><strong data-start=\"70\" data-end=\"90\">Smart tilkobling<\/strong><\/p>\n<p style=\"text-align: center;\" data-start=\"94\" data-end=\"396\">SmartThings Energy tilbyr avanserte l\u00f8sninger for hjemmebasert energistyring gjennom detaljerte innsikter, energibesparende automatisering og brukerst\u00f8tte. N\u00e5r systemet er tilkoblet, kan brukerne overv\u00e5ke energiforbruket sitt, og med AI-energimodus potensielt redusere energibruken.<\/p>\n<p style=\"text-align: center;\" data-start=\"70\" data-end=\"88\"><strong data-start=\"70\" data-end=\"86\">Fjernservice<\/strong><\/p>\n<p style=\"text-align: center;\" data-start=\"90\" data-end=\"484\">EHS Mono R290 er kompatibel med EHS Cloud Service. Tjenesten gir fagpersoner tilgang til et bredt spekter av tekniske data og innsikt om det tilkoblede EHS-anlegget. Fra feilmeldinger og type feil, til statuskontroller og informasjon om energiforbruk \u2013 EHS Cloud Service gj\u00f8r det mulig for fagpersoner \u00e5 f\u00e5 oversikt over situasjonen hos kunden f\u00f8r de drar ut p\u00e5 oppdrag.<\/p>","protected":false},"excerpt":{"rendered":"<ul>\n<li style=\"font-weight: 400;\">5 \u00e5rs offisiell produsentgaranti<\/li>\n<li style=\"font-weight: 400;\">EUROVENT sertifikat<\/li>\n<li style=\"font-weight: 400;\">Integrert Wi Fi styring<\/li>\n<li style=\"font-weight: 400;\">Energisparemodus med kunstig intelligens for oppvarming og produksjon av varmtvann<\/li>\n<li style=\"font-weight: 400;\">Integrering med solcelleanlegg og Smart Grid<\/li>\n<li style=\"font-weight: 400;\">Oppvarming selv ved \u221225\u202f\u00b0C<\/li>\n<li style=\"font-weight: 400;\">Integrert magnetfilter, treveisventil<\/li>\n<li style=\"font-weight: 400;\">Inkludert 200L varmtvannsbereder<\/li>\n<\/ul>","protected":false},"featured_media":2871,"template":"","meta":{"inline_featured_image":false},"product_brand":[],"product_cat":[60,58],"product_tag":[110],"berocket_brand":[74],"class_list":{"0":"post-2867","1":"product","2":"type-product","3":"status-publish","4":"has-post-thumbnail","6":"product_cat-luft-til-vann-varmepumper","7":"product_cat-varmepumper","8":"product_tag-pa-lager","9":"pa_effekt-8kw","10":"pa_stromtilkobling-three-phase","11":"berocket_brand-samsung","13":"first","14":"instock","15":"shipping-taxable","16":"product-type-simple"},"_links":{"self":[{"href":"https:\/\/nordiskenergi.no\/en\/wp-json\/wp\/v2\/product\/2867","targetHints":{"allow":["GET"]}}],"collection":[{"href":"https:\/\/nordiskenergi.no\/en\/wp-json\/wp\/v2\/product"}],"about":[{"href":"https:\/\/nordiskenergi.no\/en\/wp-json\/wp\/v2\/types\/product"}],"wp:featuredmedia":[{"embeddable":true,"href":"https:\/\/nordiskenergi.no\/en\/wp-json\/wp\/v2\/media\/2871"}],"wp:attachment":[{"href":"https:\/\/nordiskenergi.no\/en\/wp-json\/wp\/v2\/media?parent=2867"}],"wp:term":[{"taxonomy":"product_brand","embeddable":true,"href":"https:\/\/nordiskenergi.no\/en\/wp-json\/wp\/v2\/product_brand?post=2867"},{"taxonomy":"product_cat","embeddable":true,"href":"https:\/\/nordiskenergi.no\/en\/wp-json\/wp\/v2\/product_cat?post=2867"},{"taxonomy":"product_tag","embeddable":true,"href":"https:\/\/nordiskenergi.no\/en\/wp-json\/wp\/v2\/product_tag?post=2867"},{"taxonomy":"berocket_brand","embeddable":true,"href":"https:\/\/nordiskenergi.no\/en\/wp-json\/wp\/v2\/berocket_brand?post=2867"}],"curies":[{"name":"wp","href":"https:\/\/api.w.org\/{rel}","templated":true}]}}