{"id":1223,"date":"2023-03-14T12:45:51","date_gmt":"2023-03-14T10:45:51","guid":{"rendered":"https:\/\/nordiskenergi.no\/?post_type=product&#038;p=1223"},"modified":"2025-08-07T16:34:39","modified_gmt":"2025-08-07T14:34:39","slug":"samsung-heating-pump-ehs-mono-ht-quiet-12","status":"publish","type":"product","link":"https:\/\/nordiskenergi.no\/en\/product\/samsung-heating-pump-ehs-mono-ht-quiet-12\/","title":{"rendered":"Samsung EHS MONO HT Quite R32, 12kW, 3\u0424"},"content":{"rendered":"<p style=\"font-weight: 400; text-align: center;\"><strong>Stille drift<\/strong><\/p>\n<p style=\"font-weight: 400; text-align: center;\">Drevet av en kombinasjon av innovative st\u00f8ydempende teknologier, opererer EHS Mono HT Quiet sv\u00e6rt stilleg\u00e5ende med et lydniv\u00e5 ned mot 35 d(BA) ved bruk av 4-trinns stillemodus.<\/p>\n<p style=\"font-weight: 400; text-align: center;\"><strong>P\u00e5litelig ytelse ved lave temperaturer<\/strong><\/p>\n<p style=\"font-weight: 400; text-align: center;\">Systemet opprettholder 100\u202f% varmeeffekt selv ved utetemperaturer ned til \u221225\u202f\u00b0C. En forst\u00f8rret varmeveksler overf\u00f8rer mer varme samtidig, og en ny Scroll-kompressor komprimerer kj\u00f8lemediet med h\u00f8yere trykk, noe som gir stabil drift i kalde klimaforhold. I tillegg, dersom enheten sl\u00e5s av eller f\u00e5r en funksjonsfeil, forhindrer antifrysevarmeren og antifrysekontrollen at platevarmeveksleren (PHE) og vannr\u00f8rene fryser og sprekker.* *For eksempel, dersom varmepumpen har v\u00e6rt ute av drift i 60 minutter ved en utetemperatur p\u00e5 3\u202f\u00b0C, vil pumpen p\u00e5 vannr\u00f8rssiden bli tvunget til \u00e5 starte, for \u00e5 hindre at vannet i r\u00f8rene fryser.<\/p>\n<p style=\"font-weight: 400; text-align: center;\"><strong>H\u00f8y varmtvannstemperatur<\/strong><\/p>\n<p style=\"font-weight: 400; text-align: center;\">Den nye EHS Mono HT Quiet kan levere varmtvann p\u00e5 opptil 70\u202f\u00b0C for boligoppvarming p\u00e5 en stabil og p\u00e5litelig m\u00e5te. Dette gj\u00f8r den godt egnet som erstatning for gasskjeler, ettersom disse vanligvis krever h\u00f8y turvannstemperatur. Med forsterkede komponenter og en utvidet oljerille, kan den nye Scroll-kompressoren komprimere kj\u00f8lemediet ved betydelig h\u00f8yere trykk. Samtidig s\u00f8rger Flash Injection-teknologi for \u00f8kt kj\u00f8lemediestr\u00f8m. Som resultat har kompresjonsforholdet \u00f8kt fra 13 til 17.<\/p>","protected":false},"excerpt":{"rendered":"<ul>\n<li style=\"font-weight: 400;\">5 \u00e5rs offisiell produsentgaranti<\/li>\n<li style=\"font-weight: 400;\">100\u202f% effektopprettholdelse ved \u221225\u202f\u00b0C<\/li>\n<li style=\"font-weight: 400;\">Vann til oppvarming kan varmes opp til opptil +70\u202f\u00b0C ved \u221215\u202f\u00b0C utetemperatur<\/li>\n<li style=\"font-weight: 400;\">EUROVENT sertifikat<\/li>\n<li style=\"font-weight: 400;\">Integrering med solcelleanlegg og Smart Grid<\/li>\n<\/ul>","protected":false},"featured_media":2873,"template":"","meta":{"inline_featured_image":false},"product_brand":[],"product_cat":[60,58],"product_tag":[],"berocket_brand":[74],"class_list":{"0":"post-1223","1":"product","2":"type-product","3":"status-publish","4":"has-post-thumbnail","6":"product_cat-luft-til-vann-varmepumper","7":"product_cat-varmepumper","8":"pa_effekt-12kw","9":"pa_stromtilkobling-three-phase","10":"berocket_brand-samsung","12":"first","13":"instock","14":"shipping-taxable","15":"product-type-simple"},"_links":{"self":[{"href":"https:\/\/nordiskenergi.no\/en\/wp-json\/wp\/v2\/product\/1223","targetHints":{"allow":["GET"]}}],"collection":[{"href":"https:\/\/nordiskenergi.no\/en\/wp-json\/wp\/v2\/product"}],"about":[{"href":"https:\/\/nordiskenergi.no\/en\/wp-json\/wp\/v2\/types\/product"}],"wp:featuredmedia":[{"embeddable":true,"href":"https:\/\/nordiskenergi.no\/en\/wp-json\/wp\/v2\/media\/2873"}],"wp:attachment":[{"href":"https:\/\/nordiskenergi.no\/en\/wp-json\/wp\/v2\/media?parent=1223"}],"wp:term":[{"taxonomy":"product_brand","embeddable":true,"href":"https:\/\/nordiskenergi.no\/en\/wp-json\/wp\/v2\/product_brand?post=1223"},{"taxonomy":"product_cat","embeddable":true,"href":"https:\/\/nordiskenergi.no\/en\/wp-json\/wp\/v2\/product_cat?post=1223"},{"taxonomy":"product_tag","embeddable":true,"href":"https:\/\/nordiskenergi.no\/en\/wp-json\/wp\/v2\/product_tag?post=1223"},{"taxonomy":"berocket_brand","embeddable":true,"href":"https:\/\/nordiskenergi.no\/en\/wp-json\/wp\/v2\/berocket_brand?post=1223"}],"curies":[{"name":"wp","href":"https:\/\/api.w.org\/{rel}","templated":true}]}}